{"id":52,"date":"2016-02-25T12:31:20","date_gmt":"2016-02-25T11:31:20","guid":{"rendered":"http:\/\/www.oliban.com\/?page_id=52"},"modified":"2016-03-01T17:32:07","modified_gmt":"2016-03-01T16:32:07","slug":"legal-2","status":"publish","type":"page","link":"https:\/\/www.oliban.com\/index.php\/legal-2\/","title":{"rendered":"\u00ae legal \u00a9"},"content":{"rendered":"<p>hi there, have fun,\u00a0\u00a0 oliban<\/p>\n<p>&nbsp;<\/p>\n<p><strong>oliban est une marque d\u00e9pos\u00e9e en France depuis 1995.<\/strong><\/p>\n<p>Enregistrement INPI <strong>Num\u00e9ro<\/strong>\u00a0:\u00a03342579<\/p>\n<p><strong>La marque et logo oliban figurant sur ce site ne pourront donner<\/strong><\/p>\n<p><strong> lieu \u00e0 reproduction\u00a0 (article L.713-2 du code de la propri\u00e9t\u00e9 intellectuelle).<\/strong><\/p>\n<p><strong>L&#8217;imitation de la marque oliban et des logos, est strictement interdite.<\/strong><\/p>\n<p><strong>Dans les classes 29, 30, 31, 32 (classification de Nice), l&#8217;utilisation du nom oliban est\u00a0<\/strong><\/p>\n<p><strong>strictement interdite sur le territoire Fran\u00e7ais. Toute activit\u00e9 dans les classes 29, 30,<\/strong><\/p>\n<p><strong>31, 32 sur le territoire Fran\u00e7ais, surtout de sources extra-frontali\u00e8res, fera l\u2019objet de poursuites judiciaires.<\/strong><\/p>\n<p><strong>L&#8217;atteinte port\u00e9e au droit du propri\u00e9taire de la marque oliban est constitutive d&#8217;une contrefa\u00e7on <\/strong><\/p>\n<p><strong>engageant la responsabilit\u00e9 civile de son auteur (article L.716-1 du code pr\u00e9cit\u00e9).<\/strong><\/p>\n<p>&nbsp;<\/p>\n<p>&nbsp;<\/p>\n<p>&nbsp;<\/p>\n","protected":false},"excerpt":{"rendered":"<p>hi there, have fun,\u00a0\u00a0 oliban &nbsp; oliban est une marque d\u00e9pos\u00e9e en France depuis 1995. Enregistrement INPI Num\u00e9ro\u00a0:\u00a03342579 La marque et logo oliban figurant sur ce site ne pourront donner lieu \u00e0 reproduction\u00a0 (article L.713-2 du code de la propri\u00e9t\u00e9<\/p>\n","protected":false},"author":1,"featured_media":21,"parent":0,"menu_order":0,"comment_status":"closed","ping_status":"closed","template":"","meta":{"footnotes":""},"class_list":["post-52","page","type-page","status-publish","has-post-thumbnail","hentry"],"_links":{"self":[{"href":"https:\/\/www.oliban.com\/index.php\/wp-json\/wp\/v2\/pages\/52","targetHints":{"allow":["GET"]}}],"collection":[{"href":"https:\/\/www.oliban.com\/index.php\/wp-json\/wp\/v2\/pages"}],"about":[{"href":"https:\/\/www.oliban.com\/index.php\/wp-json\/wp\/v2\/types\/page"}],"author":[{"embeddable":true,"href":"https:\/\/www.oliban.com\/index.php\/wp-json\/wp\/v2\/users\/1"}],"replies":[{"embeddable":true,"href":"https:\/\/www.oliban.com\/index.php\/wp-json\/wp\/v2\/comments?post=52"}],"version-history":[{"count":9,"href":"https:\/\/www.oliban.com\/index.php\/wp-json\/wp\/v2\/pages\/52\/revisions"}],"predecessor-version":[{"id":65,"href":"https:\/\/www.oliban.com\/index.php\/wp-json\/wp\/v2\/pages\/52\/revisions\/65"}],"wp:featuredmedia":[{"embeddable":true,"href":"https:\/\/www.oliban.com\/index.php\/wp-json\/wp\/v2\/media\/21"}],"wp:attachment":[{"href":"https:\/\/www.oliban.com\/index.php\/wp-json\/wp\/v2\/media?parent=52"}],"curies":[{"name":"wp","href":"https:\/\/api.w.org\/{rel}","templated":true}]}}